{"id":713,"date":"2017-04-28T00:12:50","date_gmt":"2017-04-27T22:12:50","guid":{"rendered":"http:\/\/themes.valerialife.com\/valeria\/white\/?page_id=713"},"modified":"2018-11-09T11:50:54","modified_gmt":"2018-11-09T10:50:54","slug":"qui-suis-je","status":"publish","type":"page","link":"https:\/\/rafnac.com\/index.php\/home\/qui-suis-je\/","title":{"rendered":"Qui suis je ?"},"content":{"rendered":"<p>[vc_row css=\u00a0\u00bb.vc_custom_1466813138654{margin-top: 50px !important;}\u00a0\u00bb][vc_column 0=\u00a0\u00bb\u00a0\u00bb][valeria_heading text=\u00a0\u00bbNathalie STOULLIG\u00a0\u00bb tag=\u00a0\u00bbh1&Prime; text_align=\u00a0\u00bbcenter\u00a0\u00bb sub_text=\u00a0\u00bbPhotographe\u00a0\u00bb][valeria_single_image image_width=\u00a0\u00bb400&Prime; image_height=\u00a0\u00bb400&Prime; alignment=\u00a0\u00bbcenter\u00a0\u00bb style=\u00a0\u00bbcircle\u00a0\u00bb image=\u00a0\u00bb1017&Prime; css=\u00a0\u00bb.vc_custom_1493476041676{margin-top: 40px !important;}\u00a0\u00bb][vc_column_text css=\u00a0\u00bb.vc_custom_1512674369763{margin-top: 30px !important;}\u00a0\u00bb]Vous me croiseriez dans la rue que vous ne pourriez pas me reconnaitre : C&rsquo;est totalement volontaire de ma part. Je ne fais (malheureusement peut \u00eatre ?) pas partie de cette g\u00e9n\u00e9ration qui veut qu&rsquo;on se montre sur les r\u00e9seaux sociaux .. Mon souhait est juste de pouvoir partager mes photos, mes r\u00e9flexions sans les diffuser forc\u00e9ment au monde entier.. Il est dans la continuit\u00e9 de mon blog de voyages \u00ab\u00a0Les Aventures de Rafnac\u00a0\u00bb que certains d&rsquo;entre vous connaissent d\u00e9j\u00e0.[\/vc_column_text][vc_column_text]<\/p>\n<p>&nbsp;<\/p>\n<p>Si je suis venue \u00e0 la photographie, il y a bient\u00f4t plus de 30 ans, c&rsquo;\u00e9tait d&rsquo;abord pour garder une m\u00e9moire visuelle et palpable \u00ab\u00a0d&rsquo;instants de vie\u00a0\u00bb. Le premier \u00ab\u00a0album photo\u00a0\u00bb que j&rsquo;ai constitu\u00e9 date de 1982 : J&rsquo;avais alors 14 ans. La couleur existait d\u00e9j\u00e0 mais nous \u00e9tions encore dans l&rsquo;\u00e8re de l&rsquo;argentique et la qualit\u00e9, et de ma \u00ab\u00a0technique photo\u00a0\u00bb et des photos en elles m\u00eames, n&rsquo;\u00e9taient pas au rendez-vous, contrairement \u00e0 l&rsquo;album de photos de mariage de mes parents, qui lui, en noir et blanc, reste magnifique m\u00eame apr\u00e8s 50 ans.[\/vc_column_text][\/vc_column][\/vc_row][vc_row css=\u00a0\u00bb.vc_custom_1466817254500{margin-top: 30px !important;}\u00a0\u00bb][vc_column 0=\u00a0\u00bb\u00a0\u00bb][valeria_heading text=\u00a0\u00bbMes travaux photographiques pr\u00e9f\u00e9r\u00e9s\u00a0\u00bb text_align=\u00a0\u00bbcenter\u00a0\u00bb css=\u00a0\u00bb.vc_custom_1494173745164{margin-bottom: 40px !important;}\u00a0\u00bb][valeria_portfolio_grid display_style=\u00a0\u00bbclassic\u00a0\u00bb grid_styles=\u00a0\u00bbfitRows\u00a0\u00bb columns=\u00a0\u00bb2&Prime; gap=\u00a0\u00bb10&Prime; title_tag=\u00a0\u00bbh1&Prime; display=\u00a0\u00bbcustom_value\u00a0\u00bb posts_per_page=\u00a0\u00bb6&Prime; orderby=\u00a0\u00bbrand\u00a0\u00bb css=\u00a0\u00bb.vc_custom_1541760643191{margin-top: 40px !important;}\u00a0\u00bb exclude_cats=\u00a0\u00bb62, 63, 58, 54, 60, 28, 61, 64, 65, 56, 75, 73&Prime;][\/vc_column][\/vc_row][vc_row 0=\u00a0\u00bb\u00a0\u00bb][vc_column 0=\u00a0\u00bb\u00a0\u00bb][valeria_heading text=\u00a0\u00bbDerniers Articles \u00a0\u00bb text_align=\u00a0\u00bbcenter\u00a0\u00bb css=\u00a0\u00bb.vc_custom_1493742266025{margin-bottom: 40px !important;}\u00a0\u00bb line_height=\u00a0\u00bb5&Prime;][valeria_blog_grid button_text=\u00a0\u00bbEn savoir plus \u00a0\u00bb display=\u00a0\u00bbcustom_value\u00a0\u00bb posts_per_page=\u00a0\u00bb3&Prime; image_hover=\u00a0\u00bbzoom\u00a0\u00bb][valeria_heading text=\u00a0\u00bbContactez moi \u00a0\u00bb text_align=\u00a0\u00bbcenter\u00a0\u00bb line_height=\u00a0\u00bb5&Prime;][\/vc_column][\/vc_row][vc_row 0=\u00a0\u00bb\u00a0\u00bb][vc_column width=\u00a0\u00bb1\/2&Prime;][vc_column_text]<strong><span style=\"font-size: 18px;\">Adresse<\/span><\/strong><br \/>\n39 All\u00e9e de chenonceaux, 59 650 Villeneuve d&rsquo;Ascq, France<\/p>\n<p><strong><span style=\"font-size: 18px;\">T\u00e9l\u00e9phone<\/span><\/strong><br \/>\n+33 06 61 19 65 57<\/p>\n<p><strong><span style=\"font-size: 18px;\">E-mail<\/span><\/strong><br \/>\nnstoullig@gmail.com[\/vc_column_text][\/vc_column][vc_column width=\u00a0\u00bb1\/2&Prime;]\n<div class=\"wpcf7 no-js\" id=\"wpcf7-f918-o1\" lang=\"en-US\" dir=\"ltr\">\n<div class=\"screen-reader-response\"><p role=\"status\" aria-live=\"polite\" aria-atomic=\"true\"><\/p> <ul><\/ul><\/div>\n<form action=\"\/index.php\/wp-json\/wp\/v2\/pages\/713#wpcf7-f918-o1\" method=\"post\" class=\"wpcf7-form init\" aria-label=\"Contact form\" novalidate=\"novalidate\" data-status=\"init\">\n<div style=\"display: none;\">\n<input type=\"hidden\" name=\"_wpcf7\" value=\"918\" \/>\n<input type=\"hidden\" name=\"_wpcf7_version\" value=\"5.9.8\" \/>\n<input type=\"hidden\" name=\"_wpcf7_locale\" value=\"en_US\" \/>\n<input type=\"hidden\" name=\"_wpcf7_unit_tag\" value=\"wpcf7-f918-o1\" \/>\n<input type=\"hidden\" name=\"_wpcf7_container_post\" value=\"0\" \/>\n<input type=\"hidden\" name=\"_wpcf7_posted_data_hash\" value=\"\" \/>\n<\/div>\n<p><label> Votre Nom (requis)<br \/>\n<span class=\"wpcf7-form-control-wrap\" data-name=\"your-name\"><input size=\"40\" maxlength=\"400\" class=\"wpcf7-form-control wpcf7-text wpcf7-validates-as-required\" aria-required=\"true\" aria-invalid=\"false\" value=\"\" type=\"text\" name=\"your-name\" \/><\/span> <\/label>\n<\/p>\n<p><label> Votre Email (requis)<br \/>\n<span class=\"wpcf7-form-control-wrap\" data-name=\"your-email\"><input size=\"40\" maxlength=\"400\" class=\"wpcf7-form-control wpcf7-email wpcf7-validates-as-required wpcf7-text wpcf7-validates-as-email\" aria-required=\"true\" aria-invalid=\"false\" value=\"\" type=\"email\" name=\"your-email\" \/><\/span> <\/label>\n<\/p>\n<p><label> Sujet<br \/>\n<span class=\"wpcf7-form-control-wrap\" data-name=\"your-subject\"><input size=\"40\" maxlength=\"400\" class=\"wpcf7-form-control wpcf7-text\" aria-invalid=\"false\" value=\"\" type=\"text\" name=\"your-subject\" \/><\/span> <\/label>\n<\/p>\n<p><label> Votre Message<br \/>\n<span class=\"wpcf7-form-control-wrap\" data-name=\"your-message\"><textarea cols=\"40\" rows=\"10\" maxlength=\"2000\" class=\"wpcf7-form-control wpcf7-textarea\" aria-invalid=\"false\" name=\"your-message\"><\/textarea><\/span> <\/label>\n<\/p>\n<p><input class=\"wpcf7-form-control wpcf7-submit has-spinner\" type=\"submit\" value=\"Envoyer\" \/>\n<\/p><p style=\"display: none !important;\" class=\"akismet-fields-container\" data-prefix=\"_wpcf7_ak_\"><label>&#916;<textarea name=\"_wpcf7_ak_hp_textarea\" cols=\"45\" rows=\"8\" maxlength=\"100\"><\/textarea><\/label><input type=\"hidden\" id=\"ak_js_1\" name=\"_wpcf7_ak_js\" value=\"32\"\/><script>document.getElementById( \"ak_js_1\" ).setAttribute( \"value\", ( new Date() ).getTime() );<\/script><\/p><div class=\"wpcf7-response-output\" aria-hidden=\"true\"><\/div>\n<\/form>\n<\/div>\n[\/vc_column][\/vc_row][vc_row 0=\u00a0\u00bb\u00a0\u00bb][vc_column 0=\u00a0\u00bb\u00a0\u00bb][\/vc_column][\/vc_row]<\/p>\n","protected":false},"excerpt":{"rendered":"<p>[vc_row css=\u00a0\u00bb.vc_custom_1466813138654{margin-top: 50px !important;}\u00a0\u00bb][vc_column 0=\u00a0\u00bb\u00a0\u00bb][valeria_heading text=\u00a0\u00bbNathalie STOULLIG\u00a0\u00bb tag=\u00a0\u00bbh1&Prime; text_align=\u00a0\u00bbcenter\u00a0\u00bb sub_text=\u00a0\u00bbPhotographe\u00a0\u00bb][valeria_single_image image_width=\u00a0\u00bb400&Prime; image_height=\u00a0\u00bb400&Prime; alignment=\u00a0\u00bbcenter\u00a0\u00bb style=\u00a0\u00bbcircle\u00a0\u00bb image=\u00a0\u00bb1017&Prime; css=\u00a0\u00bb.vc_custom_1493476041676{margin-top: 40px !important;}\u00a0\u00bb][vc_column_text css=\u00a0\u00bb.vc_custom_1512674369763{margin-top: 30px !important;}\u00a0\u00bb]Vous me croiseriez dans la rue que vous ne pourriez pas me reconnaitre : C&rsquo;est totalement volontaire de ma part. Je ne fais (malheureusement peut \u00eatre ?) pas partie de cette g\u00e9n\u00e9ration qui veut qu&rsquo;on [&hellip;]<\/p>\n","protected":false},"author":1,"featured_media":0,"parent":710,"menu_order":0,"comment_status":"closed","ping_status":"closed","template":"","meta":{"footnotes":""},"aioseo_notices":[],"_links":{"self":[{"href":"https:\/\/rafnac.com\/index.php\/wp-json\/wp\/v2\/pages\/713"}],"collection":[{"href":"https:\/\/rafnac.com\/index.php\/wp-json\/wp\/v2\/pages"}],"about":[{"href":"https:\/\/rafnac.com\/index.php\/wp-json\/wp\/v2\/types\/page"}],"author":[{"embeddable":true,"href":"https:\/\/rafnac.com\/index.php\/wp-json\/wp\/v2\/users\/1"}],"replies":[{"embeddable":true,"href":"https:\/\/rafnac.com\/index.php\/wp-json\/wp\/v2\/comments?post=713"}],"version-history":[{"count":48,"href":"https:\/\/rafnac.com\/index.php\/wp-json\/wp\/v2\/pages\/713\/revisions"}],"predecessor-version":[{"id":1126,"href":"https:\/\/rafnac.com\/index.php\/wp-json\/wp\/v2\/pages\/713\/revisions\/1126"}],"up":[{"embeddable":true,"href":"https:\/\/rafnac.com\/index.php\/wp-json\/wp\/v2\/pages\/710"}],"wp:attachment":[{"href":"https:\/\/rafnac.com\/index.php\/wp-json\/wp\/v2\/media?parent=713"}],"curies":[{"name":"wp","href":"https:\/\/api.w.org\/{rel}","templated":true}]}}